{"id":931,"date":"2020-02-03T12:44:27","date_gmt":"2020-02-03T11:44:27","guid":{"rendered":"http:\/\/cantinero.pl\/?page_id=931"},"modified":"2024-12-06T14:53:23","modified_gmt":"2024-12-06T13:53:23","slug":"grafik-zajec-tomaszow-mazowiecki","status":"publish","type":"page","link":"https:\/\/cantinero.pl\/index.php\/grafik-zajec-tomaszow-mazowiecki\/","title":{"rendered":"Grafik zaj\u0119\u0107 &#8211; Tomasz\u00f3w Mazowiecki"},"content":{"rendered":"<table style=\"width: 100%; height: 693px;\">\n<tbody>\n<tr style=\"height: 24px;\">\n<td style=\"text-align: center; background: #b4008c; height: 24px; width: 99.0625%;\"><span style=\"color: #ffffff;\"><strong>PONIEDZIA\u0141EK<\/strong><\/span><\/td>\n<\/tr>\n<tr style=\"height: 24px;\">\n<td style=\"text-align: center; height: 24px; width: 99.0625%;\"><strong>SZKO\u0141A TA\u0143CA CANTINERO &#8211; UL. \u015aW. ANTONIEGO 1<\/strong><\/td>\n<\/tr>\n<tr style=\"height: 24px;\">\n<td style=\"height: 24px; width: 99.0625%;\"><strong>16:00 \u2013 17:00<\/strong> \u2013 Cantinero Kids \u2013 dzieci 4-5 lat (Ada)<\/td>\n<\/tr>\n<tr style=\"height: 24px;\">\n<td style=\"height: 24px; width: 99.0625%;\"><strong>17:00 \u2013 18:00<\/strong> \u2013 Cantinero Junior \u2013 dzieci 6-8 lat (Ada)<\/td>\n<\/tr>\n<tr style=\"height: 24px;\">\n<td style=\"height: 24px; width: 99.0625%;\"><strong>18:15 \u2013 19:15<\/strong> \u2013 Tabata Dance \u2013 taniec i fitness dla Pa\u0144 (Ada)<\/td>\n<\/tr>\n<tr style=\"height: 24px;\">\n<td style=\"height: 24px; width: 99.0625%;\">&nbsp;<\/td>\n<\/tr>\n<tr style=\"height: 24px;\">\n<td style=\"height: 24px; text-align: center; width: 99.0625%;\"><strong>SZKO\u0141A PODST. NR 11 &#8211; UL. \u015aW. ANTONIEGO 43\/45<\/strong><\/td>\n<\/tr>\n<tr style=\"height: 24px;\">\n<td style=\"height: 24px; width: 99.0625%;\"><strong>18:00 \u2013 19:30<\/strong> \u2013 Taniec towarzyski \u2013 grupa pocz\u0105tkuj\u0105ca styl ST (Grzegorz)&nbsp;<\/td>\n<\/tr>\n<tr style=\"height: 24px;\">\n<td style=\"height: 24px; width: 99.0625%;\"><strong>19:30 \u2013 21:00<\/strong> \u2013 Taniec towarzyski \u2013 grupa turniejowa styl ST (Grzegorz)&nbsp;<\/td>\n<\/tr>\n<tr style=\"height: 23px;\">\n<td style=\"height: 23px; width: 99.0625%;\">&nbsp;<\/td>\n<\/tr>\n<tr style=\"height: 24px;\">\n<td style=\"text-align: center; background: #b4008c; height: 24px; width: 99.0625%;\"><span style=\"color: #ffffff;\"><strong>WTOREK<\/strong><\/span><\/td>\n<\/tr>\n<tr style=\"height: 24px;\">\n<td style=\"text-align: center; height: 24px; width: 99.0625%;\"><strong>SZKO\u0141A TA\u0143CA CANTINERO &#8211; UL. \u015aW. ANTONIEGO 1<\/strong><\/td>\n<\/tr>\n<tr style=\"height: 24px;\">\n<td style=\"height: 24px; width: 99.0625%;\"><strong>17:00 \u2013 18:00<\/strong> \u2013 Hip-hop \u2013 dzieci 6-10 (Marcin)<\/td>\n<\/tr>\n<tr style=\"height: 24px;\">\n<td style=\"height: 24px; width: 99.0625%;\"><strong>18:00 \u2013 19:00<\/strong> \u2013 TikTok Crew \u2013 m\u0142odzie\u017c (Marcin)<\/td>\n<\/tr>\n<tr style=\"height: 24px;\">\n<td style=\"height: 24px; width: 99.0625%;\">&nbsp;<\/td>\n<\/tr>\n<tr style=\"height: 24px;\">\n<td style=\"text-align: center; background: #b4008c; height: 24px; width: 99.0625%;\"><span style=\"color: #ffffff;\"><strong>\u015aRODA<\/strong><\/span><\/td>\n<\/tr>\n<tr style=\"height: 24px;\">\n<td style=\"height: 24px; text-align: center; width: 99.0625%;\"><strong>SZKO\u0141A TA\u0143CA CANTINERO &#8211; UL. \u015aW. ANTONIEGO 1<\/strong><\/td>\n<\/tr>\n<tr style=\"height: 24px;\">\n<td style=\"height: 24px; text-align: left; width: 99.0625%;\"><strong>19:00 \u2013 20:00<\/strong> \u2013 Cheerleaders \u2013 m\u0142odzie\u017c (Ada)<\/td>\n<\/tr>\n<tr style=\"height: 24px;\">\n<td style=\"height: 24px; width: 99.0625%;\">&nbsp;<\/td>\n<\/tr>\n<tr style=\"height: 24px;\">\n<td style=\"text-align: center; background: #b4008c; height: 24px; width: 99.0625%;\"><span style=\"color: #ffffff;\"><strong>CZWARTEK<\/strong><\/span><\/td>\n<\/tr>\n<tr style=\"height: 24px;\">\n<td style=\"text-align: center; height: 24px; width: 99.0625%;\"><strong>SZKO\u0141A PODST. NR 11 &#8211; UL. \u015aW. ANTONIEGO 43\/45<\/strong><\/td>\n<\/tr>\n<tr style=\"height: 24px;\">\n<td style=\"height: 24px; width: 99.0625%;\"><strong>16:30 \u2013 18:00<\/strong> \u2013 Taniec towarzyski \u2013 grupa pocz\u0105tkuj\u0105ca styl LA (Grzegorz)<\/td>\n<\/tr>\n<tr style=\"height: 24px;\">\n<td style=\"height: 24px; width: 99.0625%;\"><strong>18:00 \u2013 19:30<\/strong> \u2013 Taniec towarzyski \u2013 grupa turniejowa styl LA (Kuba)<\/td>\n<\/tr>\n<tr style=\"height: 23px;\">\n<td style=\"width: 99.0625%; height: 23px;\"><strong>&nbsp;<\/strong><\/td>\n<\/tr>\n<tr style=\"height: 24px;\">\n<td style=\"text-align: center; background: #b4008c; height: 24px; width: 99.0625%;\"><span style=\"color: #ffffff;\"><strong>PI\u0104TEK<\/strong><\/span><\/td>\n<\/tr>\n<tr style=\"height: 24px;\">\n<td style=\"text-align: center; height: 24px; width: 99.0625%;\"><strong>SZKO\u0141A TA\u0143CA CANTINERO &#8211; UL. \u015aW. ANTONIEGO 1<\/strong><\/td>\n<\/tr>\n<tr style=\"height: 23px;\">\n<td style=\"width: 99.0625%; height: 23px; text-align: left;\"><strong>16:00 \u2013 17:00 <\/strong>\u2013 Balet \u2013 dzieci (Klaudia)<\/td>\n<\/tr>\n<tr style=\"height: 24px;\">\n<td style=\"height: 24px; width: 99.0625%;\"><strong>19:00 \u2013 20:00<\/strong> \u2013 Taniec towarzyski\/u\u017cytkowy \u2013 grupa zaawansowana (Ada&amp;Marcin)<\/td>\n<\/tr>\n<tr style=\"height: 24px;\">\n<td style=\"height: 24px; width: 99.0625%;\"><strong>20:00 \u2013 21:00<\/strong> \u2013 Taniec towarzyski\/u\u017cytkowy \u2013 grupa pocz\u0105tkuj\u0105ca (Ada&amp;Marcin)<\/td>\n<\/tr>\n<\/tbody>\n<\/table>\n","protected":false},"excerpt":{"rendered":"<p>PONIEDZIA\u0141EK SZKO\u0141A TA\u0143CA CANTINERO &#8211; UL. \u015aW. ANTONIEGO 1 16:00 \u2013 17:00 \u2013 Cantinero Kids \u2013 dzieci 4-5 lat (Ada) 17:00 \u2013 18:00 \u2013 Cantinero Junior \u2013 dzieci 6-8 lat\u2026<\/p>\n","protected":false},"author":1,"featured_media":0,"parent":0,"menu_order":0,"comment_status":"closed","ping_status":"closed","template":"","meta":{"ngg_post_thumbnail":0,"footnotes":""},"class_list":["post-931","page","type-page","status-publish","hentry"],"_links":{"self":[{"href":"https:\/\/cantinero.pl\/index.php\/wp-json\/wp\/v2\/pages\/931"}],"collection":[{"href":"https:\/\/cantinero.pl\/index.php\/wp-json\/wp\/v2\/pages"}],"about":[{"href":"https:\/\/cantinero.pl\/index.php\/wp-json\/wp\/v2\/types\/page"}],"author":[{"embeddable":true,"href":"https:\/\/cantinero.pl\/index.php\/wp-json\/wp\/v2\/users\/1"}],"replies":[{"embeddable":true,"href":"https:\/\/cantinero.pl\/index.php\/wp-json\/wp\/v2\/comments?post=931"}],"version-history":[{"count":26,"href":"https:\/\/cantinero.pl\/index.php\/wp-json\/wp\/v2\/pages\/931\/revisions"}],"predecessor-version":[{"id":1115,"href":"https:\/\/cantinero.pl\/index.php\/wp-json\/wp\/v2\/pages\/931\/revisions\/1115"}],"wp:attachment":[{"href":"https:\/\/cantinero.pl\/index.php\/wp-json\/wp\/v2\/media?parent=931"}],"curies":[{"name":"wp","href":"https:\/\/api.w.org\/{rel}","templated":true}]}}