{"id":926,"date":"2020-02-02T15:24:57","date_gmt":"2020-02-02T14:24:57","guid":{"rendered":"http:\/\/cantinero.pl\/?page_id=926"},"modified":"2020-02-02T15:24:57","modified_gmt":"2020-02-02T14:24:57","slug":"turnieje","status":"publish","type":"page","link":"https:\/\/cantinero.pl\/index.php\/turnieje\/","title":{"rendered":"Turnieje"},"content":{"rendered":"<p>Pary taneczne Szko\u0142y Ta\u0144ca Cantinero co tydzie\u0144 startuj\u0105 w Turniejach Ta\u0144ca Sportowego w Polsce i za granic\u0105 gdzie osi\u0105gaj\u0105 doskona\u0142e rezultaty,<br \/>\nzdobywaj\u0105c tytu\u0142y Mistrz\u00f3w Okr\u0119gu \u0141\u00f3dzkiego, Mistrz\u00f3w Polski, zwyci\u0119zc\u00f3w Grand Prix Polski i wreszcie Mistrz\u00f3w \u015awiata rozs\u0142awiaj\u0105 nasz klub, nasze miasto<br \/>\ni nasz kraj.<\/p>\n","protected":false},"excerpt":{"rendered":"<p>Pary taneczne Szko\u0142y Ta\u0144ca Cantinero co tydzie\u0144 startuj\u0105 w Turniejach Ta\u0144ca Sportowego w Polsce i za granic\u0105 gdzie osi\u0105gaj\u0105 doskona\u0142e rezultaty, zdobywaj\u0105c tytu\u0142y Mistrz\u00f3w Okr\u0119gu \u0141\u00f3dzkiego, Mistrz\u00f3w Polski, zwyci\u0119zc\u00f3w Grand\u2026<\/p>\n","protected":false},"author":1,"featured_media":0,"parent":0,"menu_order":0,"comment_status":"closed","ping_status":"closed","template":"","meta":{"ngg_post_thumbnail":0,"footnotes":""},"class_list":["post-926","page","type-page","status-publish","hentry"],"_links":{"self":[{"href":"https:\/\/cantinero.pl\/index.php\/wp-json\/wp\/v2\/pages\/926"}],"collection":[{"href":"https:\/\/cantinero.pl\/index.php\/wp-json\/wp\/v2\/pages"}],"about":[{"href":"https:\/\/cantinero.pl\/index.php\/wp-json\/wp\/v2\/types\/page"}],"author":[{"embeddable":true,"href":"https:\/\/cantinero.pl\/index.php\/wp-json\/wp\/v2\/users\/1"}],"replies":[{"embeddable":true,"href":"https:\/\/cantinero.pl\/index.php\/wp-json\/wp\/v2\/comments?post=926"}],"version-history":[{"count":1,"href":"https:\/\/cantinero.pl\/index.php\/wp-json\/wp\/v2\/pages\/926\/revisions"}],"predecessor-version":[{"id":927,"href":"https:\/\/cantinero.pl\/index.php\/wp-json\/wp\/v2\/pages\/926\/revisions\/927"}],"wp:attachment":[{"href":"https:\/\/cantinero.pl\/index.php\/wp-json\/wp\/v2\/media?parent=926"}],"curies":[{"name":"wp","href":"https:\/\/api.w.org\/{rel}","templated":true}]}}