{"id":924,"date":"2020-02-02T15:23:07","date_gmt":"2020-02-02T14:23:07","guid":{"rendered":"http:\/\/cantinero.pl\/?page_id=924"},"modified":"2020-02-02T15:23:07","modified_gmt":"2020-02-02T14:23:07","slug":"szkolenia-i-campy","status":"publish","type":"page","link":"https:\/\/cantinero.pl\/index.php\/szkolenia-i-campy\/","title":{"rendered":"Szkolenia i campy"},"content":{"rendered":"<p>Szko\u0142a Ta\u0144ca Cantinero organizuje szkolenia taneczne z najlepszymi trenerami z kraju i z za granicy.<br \/>\nOdwiedzaj\u0105 nas Richard Porter z USA, Carolyn Smith z W\u0142och, Sergey Surkov &amp; Melia z Rosji, prof. Ruud Vemeij z Holandii,<br \/>\nKarolina Kuliga z Wy\u017cszej Szko\u0142y Baletowej z Krakowa, Pawe\u0142 Michno &#8211; choreograf You Can Dance i wielu innych wspania\u0142ych osobisto\u015bci z ca\u0142ego \u015bwiata.<br \/>\nOrganizujemy r\u00f3wnie\u017c campy i seminaria taneczne w stylu latynoameryka\u0144skim, na kt\u00f3re nasz g\u0142\u00f3wny trener Jakub Rybicki zaprasza swoich przyjaci\u00f3\u0142<br \/>\nz parkietu aby szkoli\u0107 najlepsze polskie pary w kategorii junior\u00f3w, m\u0142odzie\u017cy i amator\u00f3w.<\/p>\n","protected":false},"excerpt":{"rendered":"<p>Szko\u0142a Ta\u0144ca Cantinero organizuje szkolenia taneczne z najlepszymi trenerami z kraju i z za granicy. Odwiedzaj\u0105 nas Richard Porter z USA, Carolyn Smith z W\u0142och, Sergey Surkov &amp; Melia z\u2026<\/p>\n","protected":false},"author":1,"featured_media":0,"parent":0,"menu_order":0,"comment_status":"closed","ping_status":"closed","template":"","meta":{"ngg_post_thumbnail":0,"footnotes":""},"class_list":["post-924","page","type-page","status-publish","hentry"],"_links":{"self":[{"href":"https:\/\/cantinero.pl\/index.php\/wp-json\/wp\/v2\/pages\/924"}],"collection":[{"href":"https:\/\/cantinero.pl\/index.php\/wp-json\/wp\/v2\/pages"}],"about":[{"href":"https:\/\/cantinero.pl\/index.php\/wp-json\/wp\/v2\/types\/page"}],"author":[{"embeddable":true,"href":"https:\/\/cantinero.pl\/index.php\/wp-json\/wp\/v2\/users\/1"}],"replies":[{"embeddable":true,"href":"https:\/\/cantinero.pl\/index.php\/wp-json\/wp\/v2\/comments?post=924"}],"version-history":[{"count":1,"href":"https:\/\/cantinero.pl\/index.php\/wp-json\/wp\/v2\/pages\/924\/revisions"}],"predecessor-version":[{"id":925,"href":"https:\/\/cantinero.pl\/index.php\/wp-json\/wp\/v2\/pages\/924\/revisions\/925"}],"wp:attachment":[{"href":"https:\/\/cantinero.pl\/index.php\/wp-json\/wp\/v2\/media?parent=924"}],"curies":[{"name":"wp","href":"https:\/\/api.w.org\/{rel}","templated":true}]}}