{"id":865,"date":"2018-10-29T17:23:29","date_gmt":"2018-10-29T16:23:29","guid":{"rendered":"http:\/\/cantinero.pl\/?page_id=865"},"modified":"2018-10-29T17:23:51","modified_gmt":"2018-10-29T16:23:51","slug":"polityka-prywatnosci","status":"publish","type":"page","link":"https:\/\/cantinero.pl\/index.php\/polityka-prywatnosci\/","title":{"rendered":"Polityka prywatno\u015bci"},"content":{"rendered":"<p>Zgodnie z art. 13 og\u00f3lnego rozporz\u0105dzenia o ochronie danych osobowych z dnia 27 kwietnia 2016 r. ( Dz. Urz. UE L 119 z 04.05.2016 )<br \/>\ninformuje si\u0119, i\u017c:<\/p>\n<p>1) Administratorem danych osobowych jest Studio Ta\u0144ca &#8222;Cantinero&#8221; i Klub Sportowy &#8222;Cantinero&#8221; ul. Wandy Panfil 42A\/107, 97-200 Tomasz\u00f3w Mazowiecki.<br \/>\n2) Dane osobowe przetwarzane b\u0119d\u0105 w celu realizacji zada\u0144 Studio Ta\u0144ca &#8222;Cantinero&#8221; i Klubu Sportowego &#8222;Cantinero&#8221; na podstawie Art. 6 ust. 1 lit. a<br \/>\nArt. 6 ust. 1 lit. f og\u00f3lnego rozporz\u0105dzenia o ochronie danych osobowych z dnia 27 kwietnia 2016 r.<br \/>\n3) Dane osobowe przechowywane b\u0119d\u0105 w czasie do momentu ustania przetwarzania w celach analityki oraz planowania biznesowego, na podstawie<br \/>\nArt. 6 ust 1, lit f ( RODO ) &#8211; prawnie usprawiedliwionego interesu administratora.<br \/>\n4) Odbiorcami danych osobowych b\u0119d\u0105 wy\u0142\u0105cznie podmioty uprawnione do uzyskania danych osobowych na podstawie przepis\u00f3w prawa.<br \/>\n5) Ka\u017cdy cz\u0142onek lub jego pe\u0142noprawny opiekun ( w przypadku os\u00f3b niepe\u0142noletnich ) posiada prawo do dost\u0119pu do danych osobowych, ich sprostowania, usuni\u0119cia<br \/>\nlub ograniczenia przetwarzania lub odwo\u0142ania uprzednio udzielonej zgody.<br \/>\n6) podanie danych osobowych jest dobrowolne, jednak\u017ce odmowa podania danych mo\u017ce skutkowa\u0107 odmow\u0105 uczestnictwa w rywalizacji Polskiego Towarzystwa Tanecznego.<br \/>\nOsoby zg\u0142aszaj\u0105ce sw\u00f3j udzia\u0142 w zaj\u0119ciach w Studio Ta\u0144ca &#8222;Cantinero&#8221; i Klubie Sportowym &#8221; Cantinero&#8221; wyra\u017caj\u0105 zgod\u0119 na rejestracj\u0119 fotograficzn\u0105, video,<br \/>\ninternetow\u0105 i telewizyjn\u0105 wszystkich prezentacji oraz ich wykorzystanie, publikacj\u0119 i emisj\u0119 w dowolnych mediach przez wy\u017cej wymienione podmioty, na potrzeby<br \/>\nw\u0142asne, marketingowe i reklamowe.<\/p>\n<p>Ka\u017cdy uczestnik zaj\u0119\u0107 lub jego pe\u0142noprawny opiekun ( w przypadku os\u00f3b niepe\u0142noletnich ) w Studio Ta\u0144ca &#8222;Cantinero&#8221; i w Klubie Sportowym &#8221; Cantinero&#8221;<br \/>\nwyra\u017ca zgod\u0119 na:<br \/>\n1. Przetwarzanie danych osobowych dla cel\u00f3w wewn\u0105trzorganizacyjnych.<br \/>\n2. Upowszechnianie swojego wizerunku w zwi\u0105zku z udzia\u0142em w zaj\u0119ciach tanecznych, pokazowych turniejach ta\u0144ca.<br \/>\n2. Otrzymywanie informacji od ST &#8222;Cantinero&#8221;\/ KS &#8222;Cantinero&#8221; oraz ich cz\u0142onk\u00f3w w formie mailowej.<\/p>\n","protected":false},"excerpt":{"rendered":"<p>Zgodnie z art. 13 og\u00f3lnego rozporz\u0105dzenia o ochronie danych osobowych z dnia 27 kwietnia 2016 r. ( Dz. Urz. UE L 119 z 04.05.2016 ) informuje si\u0119, i\u017c: 1) Administratorem\u2026<\/p>\n","protected":false},"author":1,"featured_media":0,"parent":0,"menu_order":0,"comment_status":"closed","ping_status":"closed","template":"","meta":{"ngg_post_thumbnail":0,"footnotes":""},"class_list":["post-865","page","type-page","status-publish","hentry"],"_links":{"self":[{"href":"https:\/\/cantinero.pl\/index.php\/wp-json\/wp\/v2\/pages\/865"}],"collection":[{"href":"https:\/\/cantinero.pl\/index.php\/wp-json\/wp\/v2\/pages"}],"about":[{"href":"https:\/\/cantinero.pl\/index.php\/wp-json\/wp\/v2\/types\/page"}],"author":[{"embeddable":true,"href":"https:\/\/cantinero.pl\/index.php\/wp-json\/wp\/v2\/users\/1"}],"replies":[{"embeddable":true,"href":"https:\/\/cantinero.pl\/index.php\/wp-json\/wp\/v2\/comments?post=865"}],"version-history":[{"count":2,"href":"https:\/\/cantinero.pl\/index.php\/wp-json\/wp\/v2\/pages\/865\/revisions"}],"predecessor-version":[{"id":867,"href":"https:\/\/cantinero.pl\/index.php\/wp-json\/wp\/v2\/pages\/865\/revisions\/867"}],"wp:attachment":[{"href":"https:\/\/cantinero.pl\/index.php\/wp-json\/wp\/v2\/media?parent=865"}],"curies":[{"name":"wp","href":"https:\/\/api.w.org\/{rel}","templated":true}]}}