{"id":75,"date":"2018-02-26T07:53:07","date_gmt":"2018-02-26T06:53:07","guid":{"rendered":"http:\/\/cantinero.pl\/?page_id=75"},"modified":"2018-02-28T13:55:58","modified_gmt":"2018-02-28T12:55:58","slug":"zajecia-dla-par-sportowych","status":"publish","type":"page","link":"https:\/\/cantinero.pl\/index.php\/zajecia-dla-par-sportowych\/","title":{"rendered":"Zaj\u0119cia dla par sportowych"},"content":{"rendered":"<blockquote><p>Zaj\u0119cia te przeznaczone s\u0105 dla par turniejowych ta\u0144ca towarzyskiego.<\/p><\/blockquote>\n","protected":false},"excerpt":{"rendered":"<p>Zaj\u0119cia te przeznaczone s\u0105 dla par turniejowych ta\u0144ca towarzyskiego.<\/p>\n","protected":false},"author":1,"featured_media":109,"parent":0,"menu_order":0,"comment_status":"closed","ping_status":"closed","template":"","meta":{"ngg_post_thumbnail":0,"footnotes":""},"class_list":["post-75","page","type-page","status-publish","has-post-thumbnail","hentry"],"_links":{"self":[{"href":"https:\/\/cantinero.pl\/index.php\/wp-json\/wp\/v2\/pages\/75"}],"collection":[{"href":"https:\/\/cantinero.pl\/index.php\/wp-json\/wp\/v2\/pages"}],"about":[{"href":"https:\/\/cantinero.pl\/index.php\/wp-json\/wp\/v2\/types\/page"}],"author":[{"embeddable":true,"href":"https:\/\/cantinero.pl\/index.php\/wp-json\/wp\/v2\/users\/1"}],"replies":[{"embeddable":true,"href":"https:\/\/cantinero.pl\/index.php\/wp-json\/wp\/v2\/comments?post=75"}],"version-history":[{"count":3,"href":"https:\/\/cantinero.pl\/index.php\/wp-json\/wp\/v2\/pages\/75\/revisions"}],"predecessor-version":[{"id":110,"href":"https:\/\/cantinero.pl\/index.php\/wp-json\/wp\/v2\/pages\/75\/revisions\/110"}],"wp:featuredmedia":[{"embeddable":true,"href":"https:\/\/cantinero.pl\/index.php\/wp-json\/wp\/v2\/media\/109"}],"wp:attachment":[{"href":"https:\/\/cantinero.pl\/index.php\/wp-json\/wp\/v2\/media?parent=75"}],"curies":[{"name":"wp","href":"https:\/\/api.w.org\/{rel}","templated":true}]}}