{"id":71,"date":"2018-02-26T07:52:29","date_gmt":"2018-02-26T06:52:29","guid":{"rendered":"http:\/\/cantinero.pl\/?page_id=71"},"modified":"2020-02-03T14:29:38","modified_gmt":"2020-02-03T13:29:38","slug":"taniec-dla-dzieci-i-mlodziezy","status":"publish","type":"page","link":"https:\/\/cantinero.pl\/index.php\/taniec-dla-dzieci-i-mlodziezy\/","title":{"rendered":"Taniec towarzyski dla dzieci i m\u0142odzie\u017cy"},"content":{"rendered":"<p>Zaj\u0119cia z zakresu ta\u0144ca towarzyskiego:<\/p>\n<p><strong>ta\u0144ce standardowe:<\/strong> walc angielski, tango, walc wiede\u0144ski, foxtrot, quickstep<\/p>\n<p><strong>ta\u0144ce latynoameryka\u0144skie:<\/strong> samba, cha-cha-cha, rumba, paso doble, jive<\/p>\n<p><strong>podstawy:<\/strong> hip-hop, jazz, salsa, mambo, taniec nowoczesny<\/p>\n<div class=\"freddoButton\"><strong><a href=\"https:\/\/cantinero.pl\/index.php\/grafik-zajec-tomaszow-mazowiecki\/\">Grafik zaj\u0119\u0107 &#8211; Tomasz\u00f3w Mazowiecki<\/a><\/strong><\/div>\n<div class=\"freddoButton\"><strong><a href=\"https:\/\/cantinero.pl\/index.php\/grafik-zajec-rawa-mazowiecka\/\">Grafik zaj\u0119\u0107 &#8211; Rawa Mazowiecka<\/a><\/strong><\/div>\n","protected":false},"excerpt":{"rendered":"<p>Zaj\u0119cia z zakresu ta\u0144ca towarzyskiego: ta\u0144ce standardowe: walc angielski, tango, walc wiede\u0144ski, foxtrot, quickstep ta\u0144ce latynoameryka\u0144skie: samba, cha-cha-cha, rumba, paso doble, jive podstawy: hip-hop, jazz, salsa, mambo, taniec nowoczesny Grafik\u2026<\/p>\n","protected":false},"author":1,"featured_media":744,"parent":0,"menu_order":0,"comment_status":"closed","ping_status":"closed","template":"","meta":{"ngg_post_thumbnail":0,"footnotes":""},"class_list":["post-71","page","type-page","status-publish","has-post-thumbnail","hentry"],"_links":{"self":[{"href":"https:\/\/cantinero.pl\/index.php\/wp-json\/wp\/v2\/pages\/71"}],"collection":[{"href":"https:\/\/cantinero.pl\/index.php\/wp-json\/wp\/v2\/pages"}],"about":[{"href":"https:\/\/cantinero.pl\/index.php\/wp-json\/wp\/v2\/types\/page"}],"author":[{"embeddable":true,"href":"https:\/\/cantinero.pl\/index.php\/wp-json\/wp\/v2\/users\/1"}],"replies":[{"embeddable":true,"href":"https:\/\/cantinero.pl\/index.php\/wp-json\/wp\/v2\/comments?post=71"}],"version-history":[{"count":8,"href":"https:\/\/cantinero.pl\/index.php\/wp-json\/wp\/v2\/pages\/71\/revisions"}],"predecessor-version":[{"id":951,"href":"https:\/\/cantinero.pl\/index.php\/wp-json\/wp\/v2\/pages\/71\/revisions\/951"}],"wp:featuredmedia":[{"embeddable":true,"href":"https:\/\/cantinero.pl\/index.php\/wp-json\/wp\/v2\/media\/744"}],"wp:attachment":[{"href":"https:\/\/cantinero.pl\/index.php\/wp-json\/wp\/v2\/media?parent=71"}],"curies":[{"name":"wp","href":"https:\/\/api.w.org\/{rel}","templated":true}]}}