{"id":69,"date":"2018-02-26T07:52:21","date_gmt":"2018-02-26T06:52:21","guid":{"rendered":"http:\/\/cantinero.pl\/?page_id=69"},"modified":"2020-02-03T14:29:32","modified_gmt":"2020-02-03T13:29:32","slug":"taniec-maluszkow","status":"publish","type":"page","link":"https:\/\/cantinero.pl\/index.php\/taniec-maluszkow\/","title":{"rendered":"Taniec dla dzieci"},"content":{"rendered":"<p>Zaj\u0119cia z zakresu baletu i mix taneczny (disco dance, hip-hop, jazz itp.) przeznaczone s\u0105 dla dzieci w grupie wiekowej 4-7 lat.<\/p>\n<p>Pozwol\u0105 one pozna\u0107 r\u00f3\u017cne style oraz techniki ta\u0144ca tak, by m\u0142odzi tancerze sami w przysz\u0142o\u0107ci mogli ukierunkowa\u0107 swoje zainteresowania, wybra\u0107 ulubiony styl i dalej rozwija\u0107 swoj\u0105 taneczn\u0105 pasj\u0119.<\/p>\n<p>Daj swojemu dziecku mo\u017cliwo\u015b\u0107 odpowiedniego rozwoju, pozw\u00f3l mu wyzwala\u0107 energi\u0119 poprzez taniec i czerpa\u0107 z niego rado\u015b\u0107!<\/p>\n<div class=\"freddoButton\"><strong><a href=\"https:\/\/cantinero.pl\/index.php\/grafik-zajec-tomaszow-mazowiecki\/\">Grafik zaj\u0119\u0107 &#8211; Tomasz\u00f3w Mazowiecki<\/a><\/strong><\/div>\n<div class=\"freddoButton\"><strong><a href=\"https:\/\/cantinero.pl\/index.php\/grafik-zajec-rawa-mazowiecka\/\">Grafik zaj\u0119\u0107 &#8211; Rawa Mazowiecka<\/a><\/strong><\/div>\n<p>ngg_shortcode_0_placeholder<figure class=\"wp-block-embed wp-block-embed-youtube is-type-video is-provider-youtube epyt-figure\"><div class=\"wp-block-embed__wrapper\"><iframe loading=\"lazy\"  id=\"_ytid_58363\"  width=\"640\" height=\"360\"  data-origwidth=\"640\" data-origheight=\"360\" src=\"https:\/\/www.youtube.com\/embed\/xnUixLpMJ88?enablejsapi=1&autoplay=0&cc_load_policy=0&cc_lang_pref=&iv_load_policy=1&loop=0&rel=1&fs=1&playsinline=0&autohide=2&theme=dark&color=red&controls=1&disablekb=0&\" class=\"__youtube_prefs__  no-lazyload\" title=\"YouTube player\"  allow=\"fullscreen; accelerometer; autoplay; clipboard-write; encrypted-media; gyroscope; picture-in-picture; web-share\" referrerpolicy=\"strict-origin-when-cross-origin\" allowfullscreen data-no-lazy=\"1\" data-skipgform_ajax_framebjll=\"\"><\/iframe><\/div><\/figure><\/p>\n","protected":false},"excerpt":{"rendered":"<p>Zaj\u0119cia z zakresu baletu i mix taneczny (disco dance, hip-hop, jazz itp.) przeznaczone s\u0105 dla dzieci w grupie wiekowej 4-7 lat. Pozwol\u0105 one pozna\u0107 r\u00f3\u017cne style oraz techniki ta\u0144ca tak,\u2026<\/p>\n","protected":false},"author":1,"featured_media":746,"parent":0,"menu_order":0,"comment_status":"closed","ping_status":"closed","template":"","meta":{"ngg_post_thumbnail":0,"footnotes":""},"class_list":["post-69","page","type-page","status-publish","has-post-thumbnail","hentry"],"_links":{"self":[{"href":"https:\/\/cantinero.pl\/index.php\/wp-json\/wp\/v2\/pages\/69"}],"collection":[{"href":"https:\/\/cantinero.pl\/index.php\/wp-json\/wp\/v2\/pages"}],"about":[{"href":"https:\/\/cantinero.pl\/index.php\/wp-json\/wp\/v2\/types\/page"}],"author":[{"embeddable":true,"href":"https:\/\/cantinero.pl\/index.php\/wp-json\/wp\/v2\/users\/1"}],"replies":[{"embeddable":true,"href":"https:\/\/cantinero.pl\/index.php\/wp-json\/wp\/v2\/comments?post=69"}],"version-history":[{"count":9,"href":"https:\/\/cantinero.pl\/index.php\/wp-json\/wp\/v2\/pages\/69\/revisions"}],"predecessor-version":[{"id":950,"href":"https:\/\/cantinero.pl\/index.php\/wp-json\/wp\/v2\/pages\/69\/revisions\/950"}],"wp:featuredmedia":[{"embeddable":true,"href":"https:\/\/cantinero.pl\/index.php\/wp-json\/wp\/v2\/media\/746"}],"wp:attachment":[{"href":"https:\/\/cantinero.pl\/index.php\/wp-json\/wp\/v2\/media?parent=69"}],"curies":[{"name":"wp","href":"https:\/\/api.w.org\/{rel}","templated":true}]}}