{"id":67,"date":"2018-02-26T07:52:11","date_gmt":"2018-02-26T06:52:11","guid":{"rendered":"http:\/\/cantinero.pl\/?page_id=67"},"modified":"2020-02-01T15:11:18","modified_gmt":"2020-02-01T14:11:18","slug":"lekcje-indywidualne","status":"publish","type":"page","link":"https:\/\/cantinero.pl\/index.php\/lekcje-indywidualne\/","title":{"rendered":"Lekcje indywidualne &#8211; taniec u\u017cytkowy"},"content":{"rendered":"<p>S\u0105 to zaj\u0119cia jednej pary z nauczycielem<\/p>\n<ul>\n<li>dla narzeczonych przygotowuj\u0105cych si\u0119 do swojej pierwszej wsp\u00f3lnej prezentacji podczas weselnego przyj\u0119cia.<\/li>\n<li>dla par, kt\u00f3re chc\u0105 poprawi\u0107 jako\u015b\u0107 swojego ta\u0144ca na ka\u017cdym poziomie.<\/li>\n<li>dla par, kt\u00f3re chc\u0105 indywidualnie z nauczycielem nauczy\u0107 si\u0119 ta\u0144czy\u0107.<\/li>\n<\/ul>\n<p>Program zaj\u0119\u0107, tempo nauczania i ilo\u015b\u0107 po\u015bwi\u0119conego czasu dopasowujemy ka\u017cdorazowo do mo\u017cliwo\u015bci i Pa\u0144stwa indywidualnych potrzeb.<\/p>\n<blockquote><p>Terminy i miejsca zaj\u0119\u0107 uzgadniacie Pa\u0144stwo indywidualnie z nauczycielem.<\/p><\/blockquote>\n","protected":false},"excerpt":{"rendered":"<p>S\u0105 to zaj\u0119cia jednej pary z nauczycielem dla narzeczonych przygotowuj\u0105cych si\u0119 do swojej pierwszej wsp\u00f3lnej prezentacji podczas weselnego przyj\u0119cia. dla par, kt\u00f3re chc\u0105 poprawi\u0107 jako\u015b\u0107 swojego ta\u0144ca na ka\u017cdym poziomie.\u2026<\/p>\n","protected":false},"author":1,"featured_media":0,"parent":0,"menu_order":0,"comment_status":"closed","ping_status":"closed","template":"","meta":{"ngg_post_thumbnail":0,"footnotes":""},"class_list":["post-67","page","type-page","status-publish","hentry"],"_links":{"self":[{"href":"https:\/\/cantinero.pl\/index.php\/wp-json\/wp\/v2\/pages\/67"}],"collection":[{"href":"https:\/\/cantinero.pl\/index.php\/wp-json\/wp\/v2\/pages"}],"about":[{"href":"https:\/\/cantinero.pl\/index.php\/wp-json\/wp\/v2\/types\/page"}],"author":[{"embeddable":true,"href":"https:\/\/cantinero.pl\/index.php\/wp-json\/wp\/v2\/users\/1"}],"replies":[{"embeddable":true,"href":"https:\/\/cantinero.pl\/index.php\/wp-json\/wp\/v2\/comments?post=67"}],"version-history":[{"count":6,"href":"https:\/\/cantinero.pl\/index.php\/wp-json\/wp\/v2\/pages\/67\/revisions"}],"predecessor-version":[{"id":909,"href":"https:\/\/cantinero.pl\/index.php\/wp-json\/wp\/v2\/pages\/67\/revisions\/909"}],"wp:attachment":[{"href":"https:\/\/cantinero.pl\/index.php\/wp-json\/wp\/v2\/media?parent=67"}],"curies":[{"name":"wp","href":"https:\/\/api.w.org\/{rel}","templated":true}]}}