{"id":65,"date":"2018-02-26T07:51:56","date_gmt":"2018-02-26T06:51:56","guid":{"rendered":"http:\/\/cantinero.pl\/?page_id=65"},"modified":"2020-02-03T14:27:54","modified_gmt":"2020-02-03T13:27:54","slug":"kurs-latino-solo-dla-pan","status":"publish","type":"page","link":"https:\/\/cantinero.pl\/index.php\/kurs-latino-solo-dla-pan\/","title":{"rendered":"Kurs Latino Solo dla Pa\u0144"},"content":{"rendered":"<p>Zaj\u0119cia dla Pa\u0144 kochaj\u0105cych taniec i ruch przy muzyce stanowi\u0105ce alternatyw\u0119 np. dla aerobiku. Ka\u017cde spotkanie to ciekawa choreografia sk\u0142adaj\u0105ce si\u0119 z krok\u00f3w charakterystycznych dla ta\u0144c\u00f3w latynoameryka\u0144skich tj.:<\/p>\n<ul>\n<li>Salsa<\/li>\n<li>Samba<\/li>\n<li>Cha cha cha<\/li>\n<li>Rumba<\/li>\n<li>Jive<\/li>\n<\/ul>\n<p>Ta\u0144cz\u0105c ta\u0144ce latynoameryka\u0144skie nabierasz umiej\u0119tno\u015bci p\u0142ynnego poruszania biodrami, poprawisz kondycj\u0119, koordynacje ruch\u00f3w a wszystko to przy kuba\u0144skich, brazylijskich i innych rytmach ameryki \u0142aci\u0144skiej.<\/p>\n<div class=\"freddoButton\"><strong><a href=\"https:\/\/cantinero.pl\/index.php\/grafik-zajec-tomaszow-mazowiecki\/\">Grafik zaj\u0119\u0107 &#8211; Tomasz\u00f3w Mazowiecki<\/a><\/strong><\/a><\/div>\n<div class=\"freddoButton\"><strong><a href=\"https:\/\/cantinero.pl\/index.php\/grafik-zajec-rawa-mazowiecka\/\">Grafik zaj\u0119\u0107 &#8211; Rawa Mazowiecka<\/a><\/strong><\/a><\/div>\n<p>ngg_shortcode_0_placeholder<div style=\"width: 640px;\" class=\"wp-video\"><!--[if lt IE 9]><script>document.createElement('video');<\/script><![endif]-->\n<video class=\"wp-video-shortcode\" id=\"video-65-1\" width=\"640\" height=\"368\" preload=\"metadata\" controls=\"controls\"><source type=\"video\/mp4\" src=\"https:\/\/cantinero.pl\/wp-content\/uploads\/2020\/02\/VID-20200201-WA0004.mp4?_=1\" \/><a href=\"https:\/\/cantinero.pl\/wp-content\/uploads\/2020\/02\/VID-20200201-WA0004.mp4\">https:\/\/cantinero.pl\/wp-content\/uploads\/2020\/02\/VID-20200201-WA0004.mp4<\/a><\/video><\/div><\/p>\n","protected":false},"excerpt":{"rendered":"<p>Zaj\u0119cia dla Pa\u0144 kochaj\u0105cych taniec i ruch przy muzyce stanowi\u0105ce alternatyw\u0119 np. dla aerobiku. Ka\u017cde spotkanie to ciekawa choreografia sk\u0142adaj\u0105ce si\u0119 z krok\u00f3w charakterystycznych dla ta\u0144c\u00f3w latynoameryka\u0144skich tj.: Salsa Samba\u2026<\/p>\n","protected":false},"author":1,"featured_media":97,"parent":0,"menu_order":0,"comment_status":"closed","ping_status":"closed","template":"","meta":{"ngg_post_thumbnail":0,"footnotes":""},"class_list":["post-65","page","type-page","status-publish","has-post-thumbnail","hentry"],"_links":{"self":[{"href":"https:\/\/cantinero.pl\/index.php\/wp-json\/wp\/v2\/pages\/65"}],"collection":[{"href":"https:\/\/cantinero.pl\/index.php\/wp-json\/wp\/v2\/pages"}],"about":[{"href":"https:\/\/cantinero.pl\/index.php\/wp-json\/wp\/v2\/types\/page"}],"author":[{"embeddable":true,"href":"https:\/\/cantinero.pl\/index.php\/wp-json\/wp\/v2\/users\/1"}],"replies":[{"embeddable":true,"href":"https:\/\/cantinero.pl\/index.php\/wp-json\/wp\/v2\/comments?post=65"}],"version-history":[{"count":9,"href":"https:\/\/cantinero.pl\/index.php\/wp-json\/wp\/v2\/pages\/65\/revisions"}],"predecessor-version":[{"id":948,"href":"https:\/\/cantinero.pl\/index.php\/wp-json\/wp\/v2\/pages\/65\/revisions\/948"}],"wp:featuredmedia":[{"embeddable":true,"href":"https:\/\/cantinero.pl\/index.php\/wp-json\/wp\/v2\/media\/97"}],"wp:attachment":[{"href":"https:\/\/cantinero.pl\/index.php\/wp-json\/wp\/v2\/media?parent=65"}],"curies":[{"name":"wp","href":"https:\/\/api.w.org\/{rel}","templated":true}]}}