{"id":27,"date":"2018-01-28T19:45:35","date_gmt":"2018-01-28T18:45:35","guid":{"rendered":"http:\/\/cantinero.pl\/?page_id=27"},"modified":"2020-02-03T14:30:57","modified_gmt":"2020-02-03T13:30:57","slug":"o-nas","status":"publish","type":"page","link":"https:\/\/cantinero.pl\/","title":{"rendered":"O nas"},"content":{"rendered":"<p>Klub Ta\u0144ca Towarzyskiego CANTINERO istnieje 25 lat i w swojej historii wyszkoli\u0142 wiele wspania\u0142ych par tanecznych, mi\u0119dzy innymi p\u00f3\u0142finalist\u00f3w i finalist\u00f3w Mistrzostw Polski, V-ce Mistrz\u00f3w i Mistrz\u00f3w Polski, \u0107wier\u0107finalist\u00f3w Mistrzostw \u015awiata oraz finalist\u00f3w wielu presti\u017cowych turniej\u00f3w na ca\u0142ym \u015bwiecie.<\/p>\n<hr>\n<p><center><figure class=\"wp-block-embed wp-block-embed-youtube is-type-video is-provider-youtube epyt-figure\"><div class=\"wp-block-embed__wrapper\"><iframe loading=\"lazy\"  id=\"_ytid_63142\"  width=\"640\" height=\"360\"  data-origwidth=\"640\" data-origheight=\"360\" src=\"https:\/\/www.youtube.com\/embed\/-GpPdGFkatA?enablejsapi=1&autoplay=0&cc_load_policy=0&cc_lang_pref=&iv_load_policy=1&loop=0&rel=1&fs=1&playsinline=0&autohide=2&theme=dark&color=red&controls=1&disablekb=0&\" class=\"__youtube_prefs__  no-lazyload\" title=\"YouTube player\"  allow=\"fullscreen; accelerometer; autoplay; clipboard-write; encrypted-media; gyroscope; picture-in-picture; web-share\" referrerpolicy=\"strict-origin-when-cross-origin\" allowfullscreen data-no-lazy=\"1\" data-skipgform_ajax_framebjll=\"\"><\/iframe><\/div><\/figure><\/center><\/p>\n<hr>\n<blockquote><p>Za\u0142o\u017ceniem klubu ta\u0144ca CANTINERO jest nauka g\u0142\u00f3wnie ta\u0144c\u00f3w towarzyskich, kt\u00f3re dziel\u0105 si\u0119 na dwie grupy:<br \/>\nstandardowe czyli np. walce, tango, latynoameryka\u0144skie czyli cha-cha, rumba, samba ale tak\u017ce uczymy si\u0119 salsy, mambo, rok and rolla i podstaw jazzu.<\/p><\/blockquote>\n<div class=\"freddoButton\"><strong><a href=\"https:\/\/cantinero.pl\/index.php\/grafik-zajec-tomaszow-mazowiecki\/\">Grafik zaj\u0119\u0107 &#8211; Tomasz\u00f3w Mazowiecki<\/a><\/strong><\/div>\n<div class=\"freddoButton\"><strong><a href=\"https:\/\/cantinero.pl\/index.php\/grafik-zajec-rawa-mazowiecka\/\">Grafik zaj\u0119\u0107 &#8211; Rawa Mazowiecka<\/a><\/strong><\/div>\n<p>Zaj\u0119cia taneczne naszego klubu prowadz\u0105 trenerzy ta\u0144ca i instruktorzy sportu Akademii Wychowania Fizycznego w Gda\u0144sku. Wszyscy instruktorzy posiadaj\u0105 mistrzowskie klasy taneczne krajowe i mi\u0119dzynarodowe, wieloletni\u0105 praktyk\u0119 turniejow\u0105 oraz pe\u0142ne kwalifikacje do prowadzenia zaj\u0119\u0107 z dzie\u0107mi i m\u0142odzie\u017c\u0105.<\/p>\n<p>Klub Ta\u0144ca Towarzyskiego CANTINERO organizuje r\u00f3wnie\u017c taneczne obozy letnie i zimowe w bardzo atrakcyjnych o\u015brodkach wypoczynkowych w kraju. Tam te\u017c pod okiem najlepszych nauczycieli z kraju i z zagranicy tancerze doskonal\u0105 swoje umiej\u0119tno\u015bci. Naszymi konsultantami s\u0105 mi\u0119dzy innymi:<\/p>\n<blockquote><p>Karolina Kuliga z WY\u017bSZEJ SZKO\u0141Y BALETOWEJ w Krakowie<br \/>\nPawe\u0142 Michno &#8211; g\u0142\u00f3wny choreograf YOU CAN DANCE<br \/>\na tak\u017ce MISTRZOWIE \u015aWIATA z W\u0141OCH, S\u0141OWENII i WIELKIEJ BRYTANII<\/p><\/blockquote>\n","protected":false},"excerpt":{"rendered":"<p>Klub Ta\u0144ca Towarzyskiego CANTINERO istnieje 25 lat i w swojej historii wyszkoli\u0142 wiele wspania\u0142ych par tanecznych, mi\u0119dzy innymi p\u00f3\u0142finalist\u00f3w i finalist\u00f3w Mistrzostw Polski, V-ce Mistrz\u00f3w i Mistrz\u00f3w Polski, \u0107wier\u0107finalist\u00f3w Mistrzostw\u2026<\/p>\n","protected":false},"author":1,"featured_media":756,"parent":0,"menu_order":0,"comment_status":"closed","ping_status":"closed","template":"template-onepage.php","meta":{"ngg_post_thumbnail":0,"footnotes":""},"class_list":["post-27","page","type-page","status-publish","has-post-thumbnail","hentry"],"_links":{"self":[{"href":"https:\/\/cantinero.pl\/index.php\/wp-json\/wp\/v2\/pages\/27"}],"collection":[{"href":"https:\/\/cantinero.pl\/index.php\/wp-json\/wp\/v2\/pages"}],"about":[{"href":"https:\/\/cantinero.pl\/index.php\/wp-json\/wp\/v2\/types\/page"}],"author":[{"embeddable":true,"href":"https:\/\/cantinero.pl\/index.php\/wp-json\/wp\/v2\/users\/1"}],"replies":[{"embeddable":true,"href":"https:\/\/cantinero.pl\/index.php\/wp-json\/wp\/v2\/comments?post=27"}],"version-history":[{"count":21,"href":"https:\/\/cantinero.pl\/index.php\/wp-json\/wp\/v2\/pages\/27\/revisions"}],"predecessor-version":[{"id":952,"href":"https:\/\/cantinero.pl\/index.php\/wp-json\/wp\/v2\/pages\/27\/revisions\/952"}],"wp:featuredmedia":[{"embeddable":true,"href":"https:\/\/cantinero.pl\/index.php\/wp-json\/wp\/v2\/media\/756"}],"wp:attachment":[{"href":"https:\/\/cantinero.pl\/index.php\/wp-json\/wp\/v2\/media?parent=27"}],"curies":[{"name":"wp","href":"https:\/\/api.w.org\/{rel}","templated":true}]}}